{"id":3562,"date":"2018-09-03T12:37:46","date_gmt":"2018-09-03T10:37:46","guid":{"rendered":"https:\/\/www.alphalibrae.ch\/ethique\/"},"modified":"2024-12-06T10:05:02","modified_gmt":"2024-12-06T09:05:02","slug":"ethique","status":"publish","type":"page","link":"https:\/\/www.alphalibrae.ch\/fr\/ethique\/","title":{"rendered":"\u00c9THIQUE"},"content":{"rendered":"<div class=\"wpb-content-wrapper\"><p>[vc_row full_width=\u00a0\u00bbstretch_row_content_no_spaces\u00a0\u00bb][vc_column]<div class=\"gt-slider\" style=\"height: 100vh;\"><div class=\"swiper-container gt-swiper-slider\" data-gt-direction=\"vertical\" data-gt-item=\"1\" data-gt-item-space=\"0\" data-gt-effect=\"slide\" data-gt-speed=\"1000\" data-gt-loop=\"true\" data-gt-centered-slides=\"false\" data-gt-free-mode=\"false\" data-gt-mousewheel=\"false\" data-gt-lazy-loading=\"true\"><div class=\"swiper-wrapper\"><div class=\"swiper-slide\"><div class=\"gt-img swiper-lazy gt-opacity-effect-true gt-background-position-default gt-background-attachment-default gt-background-size-default gt-background-repeat-default\" data-background=\"https:\/\/www.alphalibrae.ch\/wp-content\/uploads\/2024\/10\/lugano-2674101_1920bn.jpg\"><div class=\"swiper-lazy-preloader\"><\/div><\/div><div class=\"gt-container\"><div class=\"gt-page-heading gt-center\"><div class=\"gt-line\"><\/div><span>Norman Foster<\/span><h1>&quot;L&#039;architecture est une expression de valeurs.&quot;<\/h1><\/div><\/div><\/div><\/div><\/div><\/div>[vc_empty_space height=\u00a0\u00bb100px\u00a0\u00bb][\/vc_column][\/vc_row][vc_row][vc_column offset=\u00a0\u00bbvc_col-lg-1\/5 vc_col-md-1\/5 vc_hidden-sm vc_hidden-xs\u00a0\u00bb][\/vc_column][vc_column offset=\u00a0\u00bbvc_col-lg-3\/5 vc_col-md-3\/5&Prime;]<div class=\"gt-page-heading gt-dark gt-center\"><div class=\"gt-line\"><\/div><span>\u00c9THIQUE<\/span><h1>Politiques et directives<\/h1><\/div>[\/vc_column][vc_column offset=\u00a0\u00bbvc_col-lg-1\/5 vc_col-md-1\/5 vc_hidden-sm vc_hidden-xs\u00a0\u00bb][\/vc_column][\/vc_row][vc_row][vc_column offset=\u00a0\u00bbvc_col-lg-2 vc_col-md-2 vc_hidden-sm vc_hidden-xs\u00a0\u00bb][\/vc_column][vc_column offset=\u00a0\u00bbvc_col-lg-8 vc_col-md-8&Prime;][vc_column_text css=\u00a0\u00bb\u00a0\u00bb]<\/p>\n<p style=\"text-align: center;\">Les politiques directrices d&rsquo;Alpha Librae SA qui r\u00e9gissent nos relations internes ainsi que celles entre nous et les autres parties prenantes reposent sur la cr\u00e9dibilit\u00e9 et la confiance de nos clients, de nos employ\u00e9s et de nos partenaires, qui sont pour nous essentielles dans l&rsquo;exercice de notre travail.<\/p>\n<p>[\/vc_column_text][vc_empty_space height=\u00a0\u00bb80px\u00a0\u00bb][\/vc_column][vc_column offset=\u00a0\u00bbvc_col-lg-2 vc_col-md-2 vc_hidden-sm vc_hidden-xs\u00a0\u00bb][\/vc_column][\/vc_row][vc_row][vc_column offset=\u00a0\u00bbvc_col-lg-1\/5 vc_col-md-1\/5 vc_hidden-sm vc_hidden-xs\u00a0\u00bb][\/vc_column][vc_column offset=\u00a0\u00bbvc_col-lg-3\/5 vc_col-md-3\/5&Prime;]<div class=\"gt-page-heading gt-dark gt-center\"><h1>Principes directeurs<\/h1><\/div>[\/vc_column][vc_column offset=\u00a0\u00bbvc_col-lg-1\/5 vc_col-md-1\/5 vc_hidden-sm vc_hidden-xs\u00a0\u00bb][\/vc_column][\/vc_row][vc_row][vc_column offset=\u00a0\u00bbvc_col-lg-2 vc_col-md-2 vc_hidden-sm vc_hidden-xs\u00a0\u00bb][\/vc_column][vc_column offset=\u00a0\u00bbvc_col-lg-8 vc_col-md-8&Prime;][vc_column_text css=\u00a0\u00bb\u00a0\u00bb]<\/p>\n<p style=\"text-align: center;\">&lsquo;int\u00e9grit\u00e9 morale et \u00e9thique caract\u00e9rise la fa\u00e7on de travailler d&rsquo;Alpha Librae et r\u00e9git les relations internes entre tous ses membres, associ\u00e9s, groupe dirigeant, employ\u00e9s, collaborateurs et autres parties prenantes.<\/p>\n<p>Alpha Librae SA, par son code \u00e9thique, se fait garant des valeurs suivantes :<\/p>\n<ul>\n<li>Protection des informations confidentielles relatives \u00e0 nos clients et \u00e0 nos fournisseurs<\/li>\n<li>Protection des biens et des ressources de l&rsquo;entreprise et de nos client<\/li>\n<li>Utilisation des ressources et des outils dans le respect des droits humains<\/li>\n<li>Reporting financier transparent, complet, pr\u00e9cis et ponctuel pour chaque op\u00e9ration sp\u00e9cifique<\/li>\n<li>Protection de l&rsquo;environnement<\/li>\n<\/ul>\n<p style=\"text-align: center;\">De plus, Alpha Librae SA s&rsquo;engage \u00e0 traiter ses employ\u00e9s avec respect, en garantissant des environnements de travail optimaux avec des normes de s\u00e9curit\u00e9 \u00e9lev\u00e9es et des conditions de travail \u00e9quitables.<\/p>\n<p style=\"text-align: center;\">Alpha Librae SA respecte les lois et r\u00e8glements en vigueur dans les pays o\u00f9 elle op\u00e8re et avec lesquels elle entretient des relations commerciales.<\/p>\n<p style=\"text-align: center;\">Les conflits d&rsquo;int\u00e9r\u00eats potentiels seront \u00e9vit\u00e9s : ainsi, les responsables veilleront sur les missions confi\u00e9es \u00e0 leurs collaborateurs externes et s&rsquo;assureront qu&rsquo;elles ne nuisent pas \u00e0 l&rsquo;entreprise ni \u00e0 ses clients.<\/p>\n<p>[\/vc_column_text][vc_empty_space height=\u00a0\u00bb30px\u00a0\u00bb][vc_custom_heading text=\u00a0\u00bbObligation de respecter le code \u00e9thique\u00a0\u00bb font_container=\u00a0\u00bbtag:h3|text_align:center|color:%23000000&Prime; use_theme_fonts=\u00a0\u00bbyes\u00a0\u00bb css_animation=\u00a0\u00bbslideInDown\u00a0\u00bb css=\u00a0\u00bb\u00a0\u00bb][vc_empty_space height=\u00a0\u00bb100px\u00a0\u00bb][\/vc_column][vc_column offset=\u00a0\u00bbvc_col-lg-2 vc_col-md-2 vc_hidden-sm vc_hidden-xs\u00a0\u00bb][\/vc_column][\/vc_row]<\/p>\n<\/div>","protected":false},"excerpt":{"rendered":"<p>[vc_row full_width=\u00a0\u00bbstretch_row_content_no_spaces\u00a0\u00bb][vc_column][vc_empty_space height=\u00a0\u00bb100px\u00a0\u00bb][\/vc_column][\/vc_row][vc_row][vc_column offset=\u00a0\u00bbvc_col-lg-1\/5 vc_col-md-1\/5 vc_hidden-sm vc_hidden-xs\u00a0\u00bb][\/vc_column][vc_column offset=\u00a0\u00bbvc_col-lg-3\/5 vc_col-md-3\/5&Prime;][\/vc_column][vc_column offset=\u00a0\u00bbvc_col-lg-1\/5 vc_col-md-1\/5 vc_hidden-sm vc_hidden-xs\u00a0\u00bb][\/vc_column][\/vc_row][vc_row][vc_column offset=\u00a0\u00bbvc_col-lg-2 vc_col-md-2 vc_hidden-sm vc_hidden-xs\u00a0\u00bb][\/vc_column][vc_column offset=\u00a0\u00bbvc_col-lg-8 vc_col-md-8&Prime;][vc_column_text css=\u00a0\u00bb\u00a0\u00bb] Les politiques directrices d&rsquo;Alpha Librae SA qui r\u00e9gissent nos relations&#8230;<\/p>\n","protected":false},"author":1,"featured_media":0,"parent":0,"menu_order":0,"comment_status":"closed","ping_status":"closed","template":"","meta":{"footnotes":""},"class_list":["post-3562","page","type-page","status-publish","hentry"],"_links":{"self":[{"href":"https:\/\/www.alphalibrae.ch\/fr\/wp-json\/wp\/v2\/pages\/3562","targetHints":{"allow":["GET"]}}],"collection":[{"href":"https:\/\/www.alphalibrae.ch\/fr\/wp-json\/wp\/v2\/pages"}],"about":[{"href":"https:\/\/www.alphalibrae.ch\/fr\/wp-json\/wp\/v2\/types\/page"}],"author":[{"embeddable":true,"href":"https:\/\/www.alphalibrae.ch\/fr\/wp-json\/wp\/v2\/users\/1"}],"replies":[{"embeddable":true,"href":"https:\/\/www.alphalibrae.ch\/fr\/wp-json\/wp\/v2\/comments?post=3562"}],"version-history":[{"count":4,"href":"https:\/\/www.alphalibrae.ch\/fr\/wp-json\/wp\/v2\/pages\/3562\/revisions"}],"predecessor-version":[{"id":3576,"href":"https:\/\/www.alphalibrae.ch\/fr\/wp-json\/wp\/v2\/pages\/3562\/revisions\/3576"}],"wp:attachment":[{"href":"https:\/\/www.alphalibrae.ch\/fr\/wp-json\/wp\/v2\/media?parent=3562"}],"curies":[{"name":"wp","href":"https:\/\/api.w.org\/{rel}","templated":true}]}}