{"id":3554,"date":"2024-10-16T15:45:23","date_gmt":"2024-10-16T13:45:23","guid":{"rendered":"https:\/\/www.alphalibrae.ch\/art-advisory\/"},"modified":"2024-12-05T15:02:39","modified_gmt":"2024-12-05T14:02:39","slug":"art-advisory","status":"publish","type":"page","link":"https:\/\/www.alphalibrae.ch\/fr\/art-advisory\/","title":{"rendered":"Art advisory"},"content":{"rendered":"<div class=\"wpb-content-wrapper\"><p>[vc_row][vc_column offset=\u00a0\u00bbvc_col-lg-2 vc_col-md-2 vc_hidden-sm vc_hidden-xs\u00a0\u00bb][\/vc_column][vc_column offset=\u00a0\u00bbvc_col-lg-8 vc_col-md-8&Prime;][vc_custom_heading text=\u00a0\u00bb&quot;Valorisez votre patrimoine en investissant dans des \u0153uvres d\u2019art exclusives, avec un accompagnement personnalis\u00e9 qui vous guide depuis la consultation jusqu\u2019\u00e0 l\u2019acquisition. Une longue exp\u00e9rience \u00e0 votre service.&quot;\u00a0\u00bb font_container=\u00a0\u00bbtag:h3|text_align:center|color:%23000000&Prime; use_theme_fonts=\u00a0\u00bbyes\u00a0\u00bb css_animation=\u00a0\u00bbtop-to-bottom\u00a0\u00bb css=\u00a0\u00bb\u00a0\u00bb el_class=\u00a0\u00bbitalic\u00a0\u00bb][vc_empty_space height=\u00a0\u00bb80px\u00a0\u00bb][\/vc_column][vc_column offset=\u00a0\u00bbvc_col-lg-2 vc_col-md-2 vc_hidden-sm vc_hidden-xs\u00a0\u00bb][\/vc_column][\/vc_row][vc_row][vc_column css=\u00a0\u00bb.vc_custom_1731427972374{margin-bottom: 80px !important;}\u00a0\u00bb][vc_row_inner][vc_column_inner][vc_column_text css=\u00a0\u00bb\u00a0\u00bb]Le service ART ADVISORY d\u2019Alpha Librae SA r\u00e9pond aux besoins de nombreux clients, des amateurs d\u2019art aux grands collectionneurs \u00e0 la recherche de chefs-d&rsquo;\u0153uvre.<\/p>\n<p><u>L&rsquo;art repr\u00e9sente une opportunit\u00e9 de diversifier vos actifs et investissements par plaisir.<\/u><br \/>\nLa qualit\u00e9 est la cl\u00e9 d\u2019un succ\u00e8s \u00e0 long terme.<br \/>\nS&rsquo;int\u00e9resser aux \u0153uvres d\u2019art permet de satisfaire ses inclinations culturelles et esth\u00e9tiques.<br \/>\nL\u2019art est un bien \u00e0 consid\u00e9rer dans le cadre de la planification strat\u00e9gique et peut \u00e9tablir un lien entre les g\u00e9n\u00e9rations.<\/p>\n<p><u>Que vous souhaitiez acheter ou vendre, Alpha Librae SA peut vous conseiller<\/u> en v\u00e9rifiant les prix, la provenance et l\u2019authenticit\u00e9, en examinant les conditions, tout cela pour vous garantir une \u00e9valuation objective et impartiale de la qualit\u00e9.<\/p>\n<p>Alpha Librae SA vous aidera \u00e0 faire le meilleur choix sur le march\u00e9 de l\u2019art d\u2019aujourd\u2019hui, toujours en harmonie avec vos aspirations et selon vos go\u00fbts individuels, en agissant avec discr\u00e9tion pour garantir votre anonymat.[\/vc_column_text][\/vc_column_inner][\/vc_row_inner][\/vc_column][\/vc_row]<\/p>\n<\/div>","protected":false},"excerpt":{"rendered":"<p>[vc_row][vc_column offset=\u00a0\u00bbvc_col-lg-2 vc_col-md-2 vc_hidden-sm vc_hidden-xs\u00a0\u00bb][\/vc_column][vc_column offset=\u00a0\u00bbvc_col-lg-8 vc_col-md-8&Prime;][vc_custom_heading text=\u00a0\u00bb&quot;Valorisez votre patrimoine en investissant dans des \u0153uvres d\u2019art exclusives, avec un accompagnement personnalis\u00e9 qui vous guide depuis la consultation jusqu\u2019\u00e0 l\u2019acquisition. Une&#8230;<\/p>\n","protected":false},"author":1,"featured_media":0,"parent":0,"menu_order":0,"comment_status":"closed","ping_status":"closed","template":"","meta":{"footnotes":""},"class_list":["post-3554","page","type-page","status-publish","hentry"],"_links":{"self":[{"href":"https:\/\/www.alphalibrae.ch\/fr\/wp-json\/wp\/v2\/pages\/3554","targetHints":{"allow":["GET"]}}],"collection":[{"href":"https:\/\/www.alphalibrae.ch\/fr\/wp-json\/wp\/v2\/pages"}],"about":[{"href":"https:\/\/www.alphalibrae.ch\/fr\/wp-json\/wp\/v2\/types\/page"}],"author":[{"embeddable":true,"href":"https:\/\/www.alphalibrae.ch\/fr\/wp-json\/wp\/v2\/users\/1"}],"replies":[{"embeddable":true,"href":"https:\/\/www.alphalibrae.ch\/fr\/wp-json\/wp\/v2\/comments?post=3554"}],"version-history":[{"count":3,"href":"https:\/\/www.alphalibrae.ch\/fr\/wp-json\/wp\/v2\/pages\/3554\/revisions"}],"predecessor-version":[{"id":3560,"href":"https:\/\/www.alphalibrae.ch\/fr\/wp-json\/wp\/v2\/pages\/3554\/revisions\/3560"}],"wp:attachment":[{"href":"https:\/\/www.alphalibrae.ch\/fr\/wp-json\/wp\/v2\/media?parent=3554"}],"curies":[{"name":"wp","href":"https:\/\/api.w.org\/{rel}","templated":true}]}}