{"id":3414,"date":"2019-07-01T19:13:54","date_gmt":"2019-07-01T17:13:54","guid":{"rendered":"https:\/\/www.alphalibrae.ch\/accueil\/"},"modified":"2024-12-05T11:25:56","modified_gmt":"2024-12-05T10:25:56","slug":"accueil","status":"publish","type":"page","link":"https:\/\/www.alphalibrae.ch\/fr\/","title":{"rendered":"Accueil"},"content":{"rendered":"<div class=\"wpb-content-wrapper\"><p>[vc_row full_width=\u00a0\u00bbstretch_row_content_no_spaces\u00a0\u00bb][vc_column el_id=\u00a0\u00bbh3434&Prime;]<div class=\"gt-slider\" style=\"height: 100vh;\"><div class=\"swiper-container gt-swiper-slider\" data-gt-direction=\"vertical\" data-gt-item=\"1\" data-gt-item-space=\"0\" data-gt-effect=\"slide\" data-gt-speed=\"1000\" data-gt-loop=\"true\" data-gt-centered-slides=\"false\" data-gt-free-mode=\"false\" data-gt-mousewheel=\"false\" data-gt-lazy-loading=\"true\"><div class=\"swiper-wrapper\"><div class=\"swiper-slide\"><div class=\"gt-img swiper-lazy gt-opacity-effect-true gt-background-position-default gt-background-attachment-default gt-background-size-default gt-background-repeat-default\" data-background=\"https:\/\/www.alphalibrae.ch\/wp-content\/uploads\/2024\/10\/chandelier-203510_1920-1920x1200.jpg\"><div class=\"swiper-lazy-preloader\"><\/div><\/div><div class=\"gt-container\"><div class=\"gt-page-heading gt-center\"><div class=\"gt-line\"><\/div><span>Oscar Niemeyer<\/span><h1>&quot;L\u2019architecture n\u2019est qu\u2019un pr\u00e9texte. Ce qui importe, c\u2019est la vie, c\u2019est l\u2019homme !&quot;<\/h1><\/div><\/div><\/div><\/div><\/div><\/div>[vc_empty_space height=\u00a0\u00bb100px\u00a0\u00bb][\/vc_column][\/vc_row][vc_row full_width=\u00a0\u00bbstretch_row_content_no_spaces\u00a0\u00bb][vc_column el_id=\u00a0\u00bbjk5&Prime;][vc_empty_space]<div class=\"gt-info-box gt-style-1 gt-align-left\"><div class=\"gt-img\" style=\"background-image:url(https:\/\/www.alphalibrae.ch\/wp-content\/uploads\/2024\/10\/lugano-2674101_1920bn-765x825.jpg);\"><div class=\"gt-overlay gt-opacity-effect-true\"><\/div><\/div><div class=\"gt-container\"><div class=\"gt-content\"><h3 class=\"gt-title\">Alpha Librae SA<\/h3><div class=\"gt-excerpt\"><p>Alpha Librae SA est une soci\u00e9t\u00e9 de droit suisse op\u00e9rant dans le secteur immobilier, active aussi bien sur le plan national qu\u2019international. L\u2019entreprise est sp\u00e9cialis\u00e9e dans la s\u00e9lection de biens immobiliers situ\u00e9s dans des emplacements exclusifs et distinctifs, en coordonnant et soutenant les op\u00e9rations d\u2019acquisition d\u2019immeubles \u00e0 des fins d\u2019investissement. Elle collabore \u00e9galement avec des partenaires fiables et qualifi\u00e9s dans les secteurs financier et de la gestion, garantissant des transactions s\u00fbres et de haute qualit\u00e9.<\/p>\n<\/div><\/div><\/div><\/div>[\/vc_column][\/vc_row][vc_row][vc_column css=\u00a0\u00bb.vc_custom_1730385014791{margin-top: 100px !important;}\u00a0\u00bb][vc_row_inner][vc_column_inner offset=\u00a0\u00bbvc_col-lg-1\/5 vc_col-md-1\/5 vc_hidden-sm vc_hidden-xs\u00a0\u00bb][\/vc_column_inner][vc_column_inner offset=\u00a0\u00bbvc_col-lg-3\/5 vc_col-md-3\/5&Prime;]<div class=\"gt-page-heading gt-dark gt-center\"><h1>Nous valorisons les propri\u00e9t\u00e9s de prestige gr\u00e2ce \u00e0 des investissements strat\u00e9giques et des r\u00e9novations sur mesure, transformant des espaces ordinaires en opportunit\u00e9s uniques.<\/h1><\/div>[vc_empty_space height=\u00a0\u00bb85px\u00a0\u00bb][\/vc_column_inner][vc_column_inner offset=\u00a0\u00bbvc_col-lg-1\/5 vc_col-md-1\/5 vc_hidden-sm vc_hidden-xs\u00a0\u00bb][\/vc_column_inner][\/vc_row_inner][vc_row_inner equal_height=\u00a0\u00bbyes\u00a0\u00bb content_placement=\u00a0\u00bbmiddle\u00a0\u00bb][vc_column_inner el_class=\u00a0\u00bbcolA2&Prime; width=\u00a0\u00bb1\/2&Prime;][vc_single_image image=\u00a0\u00bb3028&Prime; img_size=\u00a0\u00bbfull\u00a0\u00bb css=\u00a0\u00bb\u00a0\u00bb el_id=\u00a0\u00bbj5434&Prime;][\/vc_column_inner][vc_column_inner el_class=\u00a0\u00bbcolA1&Prime; width=\u00a0\u00bb1\/2&Prime;]<div class=\"gt-page-heading gt-dark gt-center\"><h1>ITALIE<\/h1><\/div>[vc_column_text css=\u00a0\u00bb\u00a0\u00bb]<\/p>\n<p style=\"text-align: center;\">\u00ab\u00a0Notre approche int\u00e9gr\u00e9e combine investissements immobiliers, cr\u00e9ativit\u00e9 artistique et conception \u00e9coresponsable pour donner vie \u00e0 des solutions d\u2019habitation d\u2019excellence.\u00a0\u00bb<\/p>\n<p>[\/vc_column_text][\/vc_column_inner][\/vc_row_inner][vc_row_inner equal_height=\u00a0\u00bbyes\u00a0\u00bb content_placement=\u00a0\u00bbmiddle\u00a0\u00bb][vc_column_inner el_class=\u00a0\u00bbcolA1&Prime; width=\u00a0\u00bb1\/2&Prime;]<div class=\"gt-page-heading gt-dark gt-center\"><h1>SUISSE<\/h1><\/div>[vc_column_text css=\u00a0\u00bb\u00a0\u00bb]<\/p>\n<p style=\"text-align: center;\">\u00ab\u00a0Nous collaborons avec des partenaires experts et fiables pour s\u00e9lectionner des propri\u00e9t\u00e9s de prestige et garantir des r\u00e9sultats solides et durables pour nos investisseurs.\u00a0\u00bb<\/p>\n<p>[\/vc_column_text][\/vc_column_inner][vc_column_inner el_class=\u00a0\u00bbcolA2&Prime; width=\u00a0\u00bb1\/2&Prime;][vc_single_image image=\u00a0\u00bb3211&Prime; img_size=\u00a0\u00bbfull\u00a0\u00bb css=\u00a0\u00bb\u00a0\u00bb][\/vc_column_inner][\/vc_row_inner][vc_row_inner equal_height=\u00a0\u00bbyes\u00a0\u00bb content_placement=\u00a0\u00bbmiddle\u00a0\u00bb][vc_column_inner el_class=\u00a0\u00bbcolA2&Prime; width=\u00a0\u00bb1\/2&Prime;][vc_single_image image=\u00a0\u00bb3032&Prime; img_size=\u00a0\u00bbfull\u00a0\u00bb css=\u00a0\u00bb\u00a0\u00bb][\/vc_column_inner][vc_column_inner el_class=\u00a0\u00bbcolA1&Prime; width=\u00a0\u00bb1\/2&Prime;]<div class=\"gt-page-heading gt-dark gt-center\"><h1>ANGLETERRE<\/h1><\/div>[vc_column_text css=\u00a0\u00bb\u00a0\u00bb]<\/p>\n<p style=\"text-align: center;\">\u00ab\u00a0Nous concevons des jardins et des parcs sur mesure, fusionnant nature et architecture pour cr\u00e9er des espaces verts qui inspirent et r\u00e9g\u00e9n\u00e8rent.\u00a0\u00bb<\/p>\n<p>[\/vc_column_text][\/vc_column_inner][\/vc_row_inner][vc_row_inner equal_height=\u00a0\u00bbyes\u00a0\u00bb content_placement=\u00a0\u00bbmiddle\u00a0\u00bb][vc_column_inner el_class=\u00a0\u00bbcolA1&Prime; width=\u00a0\u00bb1\/2&Prime;]<div class=\"gt-page-heading gt-dark gt-center\"><h1>INDE<\/h1><\/div>[vc_column_text css=\u00a0\u00bb\u00a0\u00bb]<\/p>\n<p style=\"text-align: center;\">\u00ab\u00a0Des opportunit\u00e9s d\u2019investissement dans des appartements en achat-revente ou en location, accompagn\u00e9es de business plans strat\u00e9giques pour des fonds immobiliers.\u00a0\u00bb<\/p>\n<p>[\/vc_column_text][\/vc_column_inner][vc_column_inner el_class=\u00a0\u00bbcolA2&Prime; width=\u00a0\u00bb1\/2&Prime;][vc_single_image image=\u00a0\u00bb3036&Prime; img_size=\u00a0\u00bb620&#215;405&Prime; css=\u00a0\u00bb\u00a0\u00bb][\/vc_column_inner][\/vc_row_inner][vc_row_inner equal_height=\u00a0\u00bbyes\u00a0\u00bb content_placement=\u00a0\u00bbmiddle\u00a0\u00bb][vc_column_inner el_class=\u00a0\u00bbcolA2&Prime; width=\u00a0\u00bb1\/2&Prime;][vc_single_image image=\u00a0\u00bb3039&Prime; img_size=\u00a0\u00bbfull\u00a0\u00bb css=\u00a0\u00bb\u00a0\u00bb][\/vc_column_inner][vc_column_inner el_class=\u00a0\u00bbcolA1&Prime; width=\u00a0\u00bb1\/2&Prime;]<div class=\"gt-page-heading gt-dark gt-center\"><h1>\u00c9TATS-UNIS<\/h1><\/div>[vc_column_text css=\u00a0\u00bb\u00a0\u00bb]<\/p>\n<p style=\"text-align: center;\">\u00ab\u00a0Nous cr\u00e9ons des environnements de design exclusif qui allient art, fonctionnalit\u00e9 et esth\u00e9tique, \u00e9levant l\u2019exp\u00e9rience r\u00e9sidentielle \u00e0 un niveau sup\u00e9rieur.\u00a0\u00bb<\/p>\n<p>[\/vc_column_text][\/vc_column_inner][\/vc_row_inner][\/vc_column][\/vc_row]<\/p>\n<\/div>","protected":false},"excerpt":{"rendered":"<p>[vc_row full_width=\u00a0\u00bbstretch_row_content_no_spaces\u00a0\u00bb][vc_column el_id=\u00a0\u00bbh3434&Prime;][vc_empty_space height=\u00a0\u00bb100px\u00a0\u00bb][\/vc_column][\/vc_row][vc_row full_width=\u00a0\u00bbstretch_row_content_no_spaces\u00a0\u00bb][vc_column el_id=\u00a0\u00bbjk5&Prime;][vc_empty_space][\/vc_column][\/vc_row][vc_row][vc_column css=\u00a0\u00bb.vc_custom_1730385014791{margin-top: 100px !important;}\u00a0\u00bb][vc_row_inner][vc_column_inner offset=\u00a0\u00bbvc_col-lg-1\/5 vc_col-md-1\/5 vc_hidden-sm vc_hidden-xs\u00a0\u00bb][\/vc_column_inner][vc_column_inner offset=\u00a0\u00bbvc_col-lg-3\/5 vc_col-md-3\/5&Prime;][vc_empty_space height=\u00a0\u00bb85px\u00a0\u00bb][\/vc_column_inner][vc_column_inner offset=\u00a0\u00bbvc_col-lg-1\/5 vc_col-md-1\/5 vc_hidden-sm vc_hidden-xs\u00a0\u00bb][\/vc_column_inner][\/vc_row_inner][vc_row_inner equal_height=\u00a0\u00bbyes\u00a0\u00bb content_placement=\u00a0\u00bbmiddle\u00a0\u00bb][vc_column_inner el_class=\u00a0\u00bbcolA2&Prime; width=\u00a0\u00bb1\/2&Prime;][vc_single_image image=\u00a0\u00bb3028&Prime; img_size=\u00a0\u00bbfull\u00a0\u00bb css=\u00a0\u00bb\u00a0\u00bb el_id=\u00a0\u00bbj5434&Prime;][\/vc_column_inner][vc_column_inner el_class=\u00a0\u00bbcolA1&Prime; width=\u00a0\u00bb1\/2&Prime;][vc_column_text&#8230;<\/p>\n","protected":false},"author":1,"featured_media":0,"parent":0,"menu_order":0,"comment_status":"closed","ping_status":"closed","template":"","meta":{"footnotes":""},"class_list":["post-3414","page","type-page","status-publish","hentry"],"_links":{"self":[{"href":"https:\/\/www.alphalibrae.ch\/fr\/wp-json\/wp\/v2\/pages\/3414","targetHints":{"allow":["GET"]}}],"collection":[{"href":"https:\/\/www.alphalibrae.ch\/fr\/wp-json\/wp\/v2\/pages"}],"about":[{"href":"https:\/\/www.alphalibrae.ch\/fr\/wp-json\/wp\/v2\/types\/page"}],"author":[{"embeddable":true,"href":"https:\/\/www.alphalibrae.ch\/fr\/wp-json\/wp\/v2\/users\/1"}],"replies":[{"embeddable":true,"href":"https:\/\/www.alphalibrae.ch\/fr\/wp-json\/wp\/v2\/comments?post=3414"}],"version-history":[{"count":5,"href":"https:\/\/www.alphalibrae.ch\/fr\/wp-json\/wp\/v2\/pages\/3414\/revisions"}],"predecessor-version":[{"id":3532,"href":"https:\/\/www.alphalibrae.ch\/fr\/wp-json\/wp\/v2\/pages\/3414\/revisions\/3532"}],"wp:attachment":[{"href":"https:\/\/www.alphalibrae.ch\/fr\/wp-json\/wp\/v2\/media?parent=3414"}],"curies":[{"name":"wp","href":"https:\/\/api.w.org\/{rel}","templated":true}]}}