{"id":3485,"date":"2018-09-03T12:37:46","date_gmt":"2018-09-03T10:37:46","guid":{"rendered":"https:\/\/www.alphalibrae.ch\/ethik\/"},"modified":"2024-12-02T10:44:01","modified_gmt":"2024-12-02T09:44:01","slug":"ethik","status":"publish","type":"page","link":"https:\/\/www.alphalibrae.ch\/de\/ethik\/","title":{"rendered":"Ethik"},"content":{"rendered":"<div class=\"wpb-content-wrapper\"><p>[vc_row full_width=&#8220;stretch_row_content_no_spaces&#8220;][vc_column]<div class=\"gt-slider\" style=\"height: 100vh;\"><div class=\"swiper-container gt-swiper-slider\" data-gt-direction=\"vertical\" data-gt-item=\"1\" data-gt-item-space=\"0\" data-gt-effect=\"slide\" data-gt-speed=\"1000\" data-gt-loop=\"true\" data-gt-centered-slides=\"false\" data-gt-free-mode=\"false\" data-gt-mousewheel=\"false\" data-gt-lazy-loading=\"true\"><div class=\"swiper-wrapper\"><div class=\"swiper-slide\"><div class=\"gt-img swiper-lazy gt-opacity-effect-true gt-background-position-default gt-background-attachment-default gt-background-size-default gt-background-repeat-default\" data-background=\"https:\/\/www.alphalibrae.ch\/wp-content\/uploads\/2024\/10\/lugano-2674101_1920bn.jpg\"><div class=\"swiper-lazy-preloader\"><\/div><\/div><div class=\"gt-container\"><div class=\"gt-page-heading gt-center\"><div class=\"gt-line\"><\/div><span>Norman Foster<\/span><h1>\u201eArchitektur ist ein Ausdruck von Werten\u201d <\/h1><\/div><\/div><\/div><\/div><\/div><\/div>[vc_empty_space height=&#8220;100px&#8220;][\/vc_column][\/vc_row][vc_row][vc_column offset=&#8220;vc_col-lg-1\/5 vc_col-md-1\/5 vc_hidden-sm vc_hidden-xs&#8220;][\/vc_column][vc_column offset=&#8220;vc_col-lg-3\/5 vc_col-md-3\/5&#8243;]<div class=\"gt-page-heading gt-dark gt-center\"><div class=\"gt-line\"><\/div><span>Ethik<\/span><h1>Politik und Weisungen<\/h1><\/div>[\/vc_column][vc_column offset=&#8220;vc_col-lg-1\/5 vc_col-md-1\/5 vc_hidden-sm vc_hidden-xs&#8220;][\/vc_column][\/vc_row][vc_row][vc_column offset=&#8220;vc_col-lg-2 vc_col-md-2 vc_hidden-sm vc_hidden-xs&#8220;][\/vc_column][vc_column offset=&#8220;vc_col-lg-8 vc_col-md-8&#8243;][vc_column_text css=&#8220;&#8220;]<\/p>\n<p style=\"text-align: center;\">Die politischen Richtlinien der Alpha Librae SA, die unsere internen Beziehungen und die Beziehungen zwischen uns und anderen Stakeholdern regeln, sind die Glaubw\u00fcrdigkeit und das Vertrauen unserer Kunden, unserer Mitarbeiter und unserer Partner, die f\u00fcr uns bei der Aus\u00fcbung unserer Arbeit unerl\u00e4sslich sind.<\/p>\n<p>[\/vc_column_text][vc_empty_space height=&#8220;80px&#8220;][\/vc_column][vc_column offset=&#8220;vc_col-lg-2 vc_col-md-2 vc_hidden-sm vc_hidden-xs&#8220;][\/vc_column][\/vc_row][vc_row][vc_column offset=&#8220;vc_col-lg-1\/5 vc_col-md-1\/5 vc_hidden-sm vc_hidden-xs&#8220;][\/vc_column][vc_column offset=&#8220;vc_col-lg-3\/5 vc_col-md-3\/5&#8243;]<div class=\"gt-page-heading gt-dark gt-center\"><h1>Leitprinzipien<\/h1><\/div>[\/vc_column][vc_column offset=&#8220;vc_col-lg-1\/5 vc_col-md-1\/5 vc_hidden-sm vc_hidden-xs&#8220;][\/vc_column][\/vc_row][vc_row][vc_column offset=&#8220;vc_col-lg-2 vc_col-md-2 vc_hidden-sm vc_hidden-xs&#8220;][\/vc_column][vc_column offset=&#8220;vc_col-lg-8 vc_col-md-8&#8243;][vc_column_text css=&#8220;&#8220;]<\/p>\n<p style=\"text-align: center;\">Moralische Integrit\u00e4t und Ethik pr\u00e4gen die Arbeitsweise von Alpha Librae SA und regeln die internen Beziehungen aller Mitglieder, Partner, des Managementteams, der Angestellten, der Mitarbeiter und anderer Stakeholder<\/p>\n<p>Mit ihrem Ethikkodex steht die Alpha Librae SA f\u00fcr die folgenden Werte ein:<\/p>\n<ul>\n<li>Schutz von vertraulichen Informationen \u00fcber unsere Kunden und Lieferanten<\/li>\n<li>Schutz der Verm\u00f6genswerte und Ressourcen des Unternehmens und unserer Kunden<\/li>\n<li>Nutzung von Ressourcen und Instrumenten unter Beachtung der Menschenrechte<\/li>\n<li>Transparente, vollst\u00e4ndige, genaue und rechtzeitige Finanzberichterstattung f\u00fcr jede spezifische Transaktion<\/li>\n<li>Schutz der Umwelt<\/li>\n<\/ul>\n<p style=\"text-align: center;\">Alpha Librae SA verpflichtet sich auch zu einem respektvollen Umgang mit seinen Mitarbeitern und sorgt f\u00fcr ein optimales Arbeitsumfeld mit hohen Sicherheitsstandards und fairen Arbeitsbedingungen.<\/p>\n<p style=\"text-align: center;\">Sie h\u00e4lt sich an die geltenden Gesetze und Vorschriften der L\u00e4nder, in denen sie t\u00e4tig ist und mit denen sie Gesch\u00e4fte t\u00e4tigt.<\/p>\n<p style=\"text-align: center;\">Potenzielle Interessenkonflikte werden vermieden: Die verantwortlichen Manager \u00fcberwachen daher die Eins\u00e4tze ihrer Mitarbeiter au\u00dferhalb des Unternehmens und stellen sicher, dass sie dem Unternehmen oder seinen Kunden nicht schaden.<\/p>\n<p>[\/vc_column_text][vc_empty_space height=&#8220;30px&#8220;][vc_custom_heading text=&#8220;Verpflichtung zur Einhaltung des Ethik-Kodex&#8220; font_container=&#8220;tag:h3|text_align:center|color:%23000000&#8243; use_theme_fonts=&#8220;yes&#8220; css_animation=&#8220;slideInDown&#8220; css=&#8220;&#8220;][vc_empty_space height=&#8220;100px&#8220;][\/vc_column][vc_column offset=&#8220;vc_col-lg-2 vc_col-md-2 vc_hidden-sm vc_hidden-xs&#8220;][\/vc_column][\/vc_row]<\/p>\n<\/div>","protected":false},"excerpt":{"rendered":"<p>[vc_row full_width=&#8220;stretch_row_content_no_spaces&#8220;][vc_column][vc_empty_space height=&#8220;100px&#8220;][\/vc_column][\/vc_row][vc_row][vc_column offset=&#8220;vc_col-lg-1\/5 vc_col-md-1\/5 vc_hidden-sm vc_hidden-xs&#8220;][\/vc_column][vc_column offset=&#8220;vc_col-lg-3\/5 vc_col-md-3\/5&#8243;][\/vc_column][vc_column offset=&#8220;vc_col-lg-1\/5 vc_col-md-1\/5 vc_hidden-sm vc_hidden-xs&#8220;][\/vc_column][\/vc_row][vc_row][vc_column offset=&#8220;vc_col-lg-2 vc_col-md-2 vc_hidden-sm vc_hidden-xs&#8220;][\/vc_column][vc_column offset=&#8220;vc_col-lg-8 vc_col-md-8&#8243;][vc_column_text css=&#8220;&#8220;] Die politischen Richtlinien der Alpha Librae SA, die unsere internen&#8230;<\/p>\n","protected":false},"author":1,"featured_media":0,"parent":0,"menu_order":0,"comment_status":"closed","ping_status":"closed","template":"","meta":{"footnotes":""},"class_list":["post-3485","page","type-page","status-publish","hentry"],"_links":{"self":[{"href":"https:\/\/www.alphalibrae.ch\/de\/wp-json\/wp\/v2\/pages\/3485","targetHints":{"allow":["GET"]}}],"collection":[{"href":"https:\/\/www.alphalibrae.ch\/de\/wp-json\/wp\/v2\/pages"}],"about":[{"href":"https:\/\/www.alphalibrae.ch\/de\/wp-json\/wp\/v2\/types\/page"}],"author":[{"embeddable":true,"href":"https:\/\/www.alphalibrae.ch\/de\/wp-json\/wp\/v2\/users\/1"}],"replies":[{"embeddable":true,"href":"https:\/\/www.alphalibrae.ch\/de\/wp-json\/wp\/v2\/comments?post=3485"}],"version-history":[{"count":4,"href":"https:\/\/www.alphalibrae.ch\/de\/wp-json\/wp\/v2\/pages\/3485\/revisions"}],"predecessor-version":[{"id":3489,"href":"https:\/\/www.alphalibrae.ch\/de\/wp-json\/wp\/v2\/pages\/3485\/revisions\/3489"}],"wp:attachment":[{"href":"https:\/\/www.alphalibrae.ch\/de\/wp-json\/wp\/v2\/media?parent=3485"}],"curies":[{"name":"wp","href":"https:\/\/api.w.org\/{rel}","templated":true}]}}