{"id":3480,"date":"2018-09-03T12:38:02","date_gmt":"2018-09-03T10:38:02","guid":{"rendered":"https:\/\/www.alphalibrae.ch\/unsere-regeln\/"},"modified":"2024-12-06T10:11:38","modified_gmt":"2024-12-06T09:11:38","slug":"unsere-regeln","status":"publish","type":"page","link":"https:\/\/www.alphalibrae.ch\/de\/unsere-regeln\/","title":{"rendered":"Unsere Regeln"},"content":{"rendered":"<div class=\"wpb-content-wrapper\"><p>[vc_row][vc_column width=&#8220;1\/2&#8243;][vc_custom_heading text=&#8220;DIE 5 \u201eW&#8222;&#8220; font_container=&#8220;tag:h2|font_size:48px|text_align:left|line_height:54px&#8220; use_theme_fonts=&#8220;yes&#8220; css=&#8220;.vc_custom_1733476512084{margin-top: 80px !important;margin-bottom: 50px !important;}&#8220; el_class=&#8220;h5T&#8220;][vc_custom_heading text=&#8220;WHO \u201eWER\u201c&#8220; font_container=&#8220;tag:h4|text_align:left&#8220; use_theme_fonts=&#8220;yes&#8220; css=&#8220;&#8220; el_class=&#8220;h5T&#8220;][vc_custom_heading text=&#8220;\u201eEine Immobilie ist eine Investition und eine Investition ist nicht f\u00fcr jeden geeignet.\u201c&#8220; font_container=&#8220;tag:div|text_align:left|color:%23000000&#8243; use_theme_fonts=&#8220;yes&#8220; css=&#8220;&#8220; el_class=&#8220;italic bold&#8220;][vc_custom_heading text=&#8220;Potenzielle K\u00e4ufer einer Immobilie zu identifizieren und sie mit den am besten geeigneten Verk\u00e4ufern zusammenzubringen, ist eine unserer Kernkompetenzen.&#8220; font_container=&#8220;tag:div|text_align:left|color:%23000000&#8243; use_theme_fonts=&#8220;yes&#8220; css=&#8220;.vc_custom_1730300694191{margin-bottom: 30px !important;border-bottom-width: 1px !important;padding-bottom: 20px !important;border-bottom-style: solid !important;border-radius: 1px !important;}&#8220;][vc_custom_heading text=&#8220;WHAT \u201eWAS\u201c&#8220; font_container=&#8220;tag:h4|text_align:left&#8220; use_theme_fonts=&#8220;yes&#8220; css=&#8220;&#8220; el_class=&#8220;h5T&#8220;][vc_custom_heading text=&#8220;\u201eJede Immobilie ist exklusiv und nur derjenige, der sie besitzen kann, ist einzigartig.\u201c&#8220; font_container=&#8220;tag:div|text_align:left|color:%23000000&#8243; use_theme_fonts=&#8220;yes&#8220; css=&#8220;&#8220; el_class=&#8220;italic bold&#8220;][vc_custom_heading text=&#8220;Eine Immobilientransaktion erfordert eine sorgf\u00e4ltige Analyse der Bed\u00fcrfnisse und Anforderungen. Wir konzentrieren uns auf M\u00f6glichkeiten, die es dem Kunden erm\u00f6glichen, sein Verm\u00f6gen langfristig zu erhalten und zu st\u00e4rken.&#8220; font_container=&#8220;tag:div|text_align:left|color:%23000000&#8243; use_theme_fonts=&#8220;yes&#8220; css=&#8220;.vc_custom_1730300832290{margin-bottom: 30px !important;border-bottom-width: 1px !important;padding-bottom: 20px !important;border-bottom-style: solid !important;border-radius: 1px !important;}&#8220;][vc_custom_heading text=&#8220;WHEN \u201eWENN\u201c&#8220; font_container=&#8220;tag:h4|text_align:left&#8220; use_theme_fonts=&#8220;yes&#8220; css=&#8220;&#8220; el_class=&#8220;h5T&#8220;][vc_custom_heading text=&#8220;\u201eEine gute Immobilieninvestition ist dann get\u00e4tigt, wenn diejenigen, die sie verwalten,<br \/>\nden Faktor Zeit verstehen und optimal nutzen k\u00f6nnen.\u201c&#8220; font_container=&#8220;tag:div|text_align:left|color:%23000000&#8243; use_theme_fonts=&#8220;yes&#8220; css=&#8220;&#8220; el_class=&#8220;italic bold&#8220;][vc_custom_heading text=&#8220;Zu wissen, wann man kaufen sollte, ist eine der Grundregeln des Marktes, aber die F\u00e4higkeit, sie anzuwenden, besitzen nur wenige.&#8220; font_container=&#8220;tag:div|text_align:left|color:%23000000&#8243; use_theme_fonts=&#8220;yes&#8220; css=&#8220;.vc_custom_1730300904418{margin-bottom: 30px !important;border-bottom-width: 1px !important;padding-bottom: 20px !important;border-bottom-style: solid !important;border-radius: 1px !important;}&#8220;][vc_custom_heading text=&#8220;WHERE \u201eWO\u201c&#8220; font_container=&#8220;tag:h4|text_align:left&#8220; use_theme_fonts=&#8220;yes&#8220; css=&#8220;&#8220; el_class=&#8220;h5T&#8220;][vc_custom_heading text=&#8220;\u201eEine gute Immobilieninvestition konzentriert sich nicht nur auf das Geb\u00e4ude, sondern<br \/>\nauch auf den Kontext, in dem es sich befindet.\u201c&#8220; font_container=&#8220;tag:div|text_align:left|color:%23000000&#8243; use_theme_fonts=&#8220;yes&#8220; css=&#8220;&#8220; el_class=&#8220;italic bold&#8220;][vc_custom_heading text=&#8220;Dank unserer Experten k\u00f6nnen wir die Standorte ermitteln, die den spezifischen Bed\u00fcrfnissen jedes Kunden am besten entsprechen.&#8220; font_container=&#8220;tag:div|text_align:left|color:%23000000&#8243; use_theme_fonts=&#8220;yes&#8220; css=&#8220;.vc_custom_1730300954138{margin-bottom: 30px !important;border-bottom-width: 1px !important;padding-bottom: 20px !important;border-bottom-style: solid !important;border-radius: 1px !important;}&#8220;][vc_custom_heading text=&#8220;WHY \u201eWARUM\u201c&#8220; font_container=&#8220;tag:h4|text_align:left&#8220; use_theme_fonts=&#8220;yes&#8220; css=&#8220;&#8220; el_class=&#8220;h5T&#8220;][vc_custom_heading text=&#8220;\u201eEine Investition ist nur so gut wie die Immobilie, f\u00fcr die sie bestimmt ist.\u201c&#8220; font_container=&#8220;tag:div|text_align:left|color:%23000000&#8243; use_theme_fonts=&#8220;yes&#8220; css=&#8220;&#8220; el_class=&#8220;italic bold&#8220;][vc_custom_heading text=&#8220;Dank unseres Fachwissens und unserer Dienstleistungen verhindern wir, dass die in eine ungeeignete Immobilie investierten Mittel zu Verlusten werden.&#8220; font_container=&#8220;tag:div|text_align:left|color:%23000000&#8243; use_theme_fonts=&#8220;yes&#8220; css=&#8220;.vc_custom_1731427310063{margin-bottom: 30px !important;border-bottom-width: 1px !important;padding-bottom: 20px !important;border-bottom-style: solid !important;border-radius: 1px !important;}&#8220;][\/vc_column][vc_column width=&#8220;1\/2&#8243;][vc_empty_space height=&#8220;100px&#8220;][vc_single_image image=&#8220;2857&#8243; img_size=&#8220;large&#8220; css_animation=&#8220;slideInRight&#8220; css=&#8220;&#8220;][\/vc_column][\/vc_row][vc_row][vc_column][vc_row_inner][vc_column_inner][vc_empty_space height=&#8220;20px&#8220;][vc_custom_heading text=&#8220;MISSION&#8220; font_container=&#8220;tag:h2|font_size:48px|text_align:center|line_height:54px&#8220; use_theme_fonts=&#8220;yes&#8220; css=&#8220;.vc_custom_1731427189891{margin-top: 80px !important;margin-bottom: 50px !important;}&#8220; el_class=&#8220;h5T&#8220;][vc_column_text css=&#8220;&#8220;]Die Bed\u00fcrfnisse ausgew\u00e4hlter Kunden zu erf\u00fcllen, die eine Immobilie erwerben oder in exklusive Immobilientransaktionen investieren m\u00f6chten, um ihr Verm\u00f6gen zu diversifizieren und zu konsolidieren. Wir begleiten unsere Kunden Schritt f\u00fcr Schritt durch ein Netz von Partnerschaften, die sich um alle Vorg\u00e4nge k\u00fcmmern, von den grundlegendsten bis hin zum exklusiven Concierge-Service.[\/vc_column_text][vc_empty_space height=&#8220;80px&#8220;][\/vc_column_inner][\/vc_row_inner][\/vc_column][\/vc_row]<\/p>\n<\/div>","protected":false},"excerpt":{"rendered":"<p>[vc_row][vc_column width=&#8220;1\/2&#8243;][vc_custom_heading text=&#8220;DIE 5 \u201eW&#8222;&#8220; font_container=&#8220;tag:h2|font_size:48px|text_align:left|line_height:54px&#8220; use_theme_fonts=&#8220;yes&#8220; css=&#8220;.vc_custom_1733476512084{margin-top: 80px !important;margin-bottom: 50px !important;}&#8220; el_class=&#8220;h5T&#8220;][vc_custom_heading text=&#8220;WHO \u201eWER\u201c&#8220; font_container=&#8220;tag:h4|text_align:left&#8220; use_theme_fonts=&#8220;yes&#8220; css=&#8220;&#8220; el_class=&#8220;h5T&#8220;][vc_custom_heading text=&#8220;\u201eEine Immobilie ist eine Investition und eine Investition ist nicht f\u00fcr&#8230;<\/p>\n","protected":false},"author":1,"featured_media":0,"parent":0,"menu_order":0,"comment_status":"closed","ping_status":"closed","template":"","meta":{"footnotes":""},"class_list":["post-3480","page","type-page","status-publish","hentry"],"_links":{"self":[{"href":"https:\/\/www.alphalibrae.ch\/de\/wp-json\/wp\/v2\/pages\/3480","targetHints":{"allow":["GET"]}}],"collection":[{"href":"https:\/\/www.alphalibrae.ch\/de\/wp-json\/wp\/v2\/pages"}],"about":[{"href":"https:\/\/www.alphalibrae.ch\/de\/wp-json\/wp\/v2\/types\/page"}],"author":[{"embeddable":true,"href":"https:\/\/www.alphalibrae.ch\/de\/wp-json\/wp\/v2\/users\/1"}],"replies":[{"embeddable":true,"href":"https:\/\/www.alphalibrae.ch\/de\/wp-json\/wp\/v2\/comments?post=3480"}],"version-history":[{"count":4,"href":"https:\/\/www.alphalibrae.ch\/de\/wp-json\/wp\/v2\/pages\/3480\/revisions"}],"predecessor-version":[{"id":3580,"href":"https:\/\/www.alphalibrae.ch\/de\/wp-json\/wp\/v2\/pages\/3480\/revisions\/3580"}],"wp:attachment":[{"href":"https:\/\/www.alphalibrae.ch\/de\/wp-json\/wp\/v2\/media?parent=3480"}],"curies":[{"name":"wp","href":"https:\/\/api.w.org\/{rel}","templated":true}]}}