{"id":3407,"date":"2019-07-01T19:13:54","date_gmt":"2019-07-01T17:13:54","guid":{"rendered":"https:\/\/www.alphalibrae.ch\/startseite\/"},"modified":"2024-12-06T10:11:00","modified_gmt":"2024-12-06T09:11:00","slug":"startseite","status":"publish","type":"page","link":"https:\/\/www.alphalibrae.ch\/de\/","title":{"rendered":"Startseite"},"content":{"rendered":"<div class=\"wpb-content-wrapper\"><p>[vc_row full_width=&#8220;stretch_row_content_no_spaces&#8220;][vc_column el_id=&#8220;h3434&#8243;]<div class=\"gt-slider\" style=\"height: 100vh;\"><div class=\"swiper-container gt-swiper-slider\" data-gt-direction=\"vertical\" data-gt-item=\"1\" data-gt-item-space=\"0\" data-gt-effect=\"slide\" data-gt-speed=\"1000\" data-gt-loop=\"true\" data-gt-centered-slides=\"false\" data-gt-free-mode=\"false\" data-gt-mousewheel=\"false\" data-gt-lazy-loading=\"true\"><div class=\"swiper-wrapper\"><div class=\"swiper-slide\"><div class=\"gt-img swiper-lazy gt-opacity-effect-true gt-background-position-default gt-background-attachment-default gt-background-size-default gt-background-repeat-default\" data-background=\"https:\/\/www.alphalibrae.ch\/wp-content\/uploads\/2024\/10\/chandelier-203510_1920-1920x1200.jpg\"><div class=\"swiper-lazy-preloader\"><\/div><\/div><div class=\"gt-container\"><div class=\"gt-page-heading gt-center\"><div class=\"gt-line\"><\/div><span>Oscar Niemeyer<\/span><h1>\u201eDie Architektur ist nur ein Vorwand. Wichtig ist das Leben, wichtig ist der Mensch!\u201d<\/h1><\/div><\/div><\/div><\/div><\/div><\/div>[vc_empty_space height=&#8220;100px&#8220;][\/vc_column][\/vc_row][vc_row full_width=&#8220;stretch_row_content_no_spaces&#8220;][vc_column el_id=&#8220;jk5&#8243;][vc_empty_space]<div class=\"gt-info-box gt-style-1 gt-align-left\"><div class=\"gt-img\" style=\"background-image:url(https:\/\/www.alphalibrae.ch\/wp-content\/uploads\/2024\/10\/lugano-2674101_1920bn-765x825.jpg);\"><div class=\"gt-overlay gt-opacity-effect-true\"><\/div><\/div><div class=\"gt-container\"><div class=\"gt-content\"><h3 class=\"gt-title\">Alpha Librae SA<\/h3><div class=\"gt-excerpt\"><p>Alpha Librae SA ist eine schweizerische Immobiliengesellschaft, die sowohl national als auch international t\u00e4tig ist. Das Unternehmen ist auf die Auswahl von Immobilien an exklusiven und unverwechselbaren Standorten spezialisiert, indem es gezielte Transaktionen zum Erwerb von Geb\u00e4uden f\u00fcr Investitionszwecke koordiniert und unterst\u00fctz. Dar\u00fcber hinaus arbeitet sie mit zuverl\u00e4ssigen und qualifizierten Partnern aus dem Finanz- und Verwaltungsbereich zusammen, um sichere Transaktionen auf hohem Niveau zu gew\u00e4hrleisten.<\/p>\n<\/div><\/div><\/div><\/div>[\/vc_column][\/vc_row][vc_row][vc_column css=&#8220;.vc_custom_1730385014791{margin-top: 100px !important;}&#8220;][vc_row_inner][vc_column_inner offset=&#8220;vc_col-lg-1\/5 vc_col-md-1\/5 vc_hidden-sm vc_hidden-xs&#8220;][\/vc_column_inner][vc_column_inner offset=&#8220;vc_col-lg-3\/5 vc_col-md-3\/5&#8243;]<div class=\"gt-page-heading gt-dark gt-center\"><h1>\u201eWir werten wertvolle Immobilien durch strategische Investitionen und ma\u00dfgeschneiderte Renovierungen auf und verwandeln einfache R\u00e4ume in einzigartige M\u00f6glichkeiten\u201d<\/h1><\/div>[vc_empty_space height=&#8220;85px&#8220;][\/vc_column_inner][vc_column_inner offset=&#8220;vc_col-lg-1\/5 vc_col-md-1\/5 vc_hidden-sm vc_hidden-xs&#8220;][\/vc_column_inner][\/vc_row_inner][vc_row_inner equal_height=&#8220;yes&#8220; content_placement=&#8220;middle&#8220;][vc_column_inner el_class=&#8220;colA2&#8243; width=&#8220;1\/2&#8243;][vc_single_image image=&#8220;3028&#8243; img_size=&#8220;full&#8220; css=&#8220;&#8220; el_id=&#8220;j5434&#8243;][\/vc_column_inner][vc_column_inner el_class=&#8220;colA1&#8243; width=&#8220;1\/2&#8243;]<div class=\"gt-page-heading gt-dark gt-center\"><h1>ITALIEN<\/h1><\/div>[vc_column_text css=&#8220;&#8220;]<\/p>\n<p style=\"text-align: center;\">\u201eUnser integrierter Ansatz kombiniert Immobilieninvestitionen, k\u00fcnstlerische Kreativit\u00e4t und \u00f6kologisch nachhaltiges Design, um hervorragende Wohnl\u00f6sungen zu schaffen.\u201c<\/p>\n<p>[\/vc_column_text][\/vc_column_inner][\/vc_row_inner][vc_row_inner equal_height=&#8220;yes&#8220; content_placement=&#8220;middle&#8220;][vc_column_inner el_class=&#8220;colA1&#8243; width=&#8220;1\/2&#8243;]<div class=\"gt-page-heading gt-dark gt-center\"><h1>SCHWEIZ<\/h1><\/div>[vc_column_text css=&#8220;&#8220;]<\/p>\n<p style=\"text-align: center;\">\u201eWir arbeiten mit erfahrenen und zuverl\u00e4ssigen Partnern zusammen, um prestigetr\u00e4chtige Objekte auszuw\u00e4hlen und unseren Investoren solide und nachhaltige Ergebnisse zu garantieren.\u201c<\/p>\n<p>[\/vc_column_text][\/vc_column_inner][vc_column_inner el_class=&#8220;colA2&#8243; width=&#8220;1\/2&#8243;][vc_single_image image=&#8220;3211&#8243; img_size=&#8220;full&#8220; css=&#8220;&#8220;][\/vc_column_inner][\/vc_row_inner][vc_row_inner equal_height=&#8220;yes&#8220; content_placement=&#8220;middle&#8220;][vc_column_inner el_class=&#8220;colA2&#8243; width=&#8220;1\/2&#8243;][vc_single_image image=&#8220;3032&#8243; img_size=&#8220;full&#8220; css=&#8220;&#8220;][\/vc_column_inner][vc_column_inner el_class=&#8220;colA1&#8243; width=&#8220;1\/2&#8243;]<div class=\"gt-page-heading gt-dark gt-center\"><h1>ENGLAND<\/h1><\/div>[vc_column_text css=&#8220;&#8220;]<\/p>\n<p style=\"text-align: center;\">\u201eWir entwerfen ma\u00dfgeschneiderte G\u00e4rten und Parks, in denen Natur und Architektur miteinander verschmelzen, um Gr\u00fcnfl\u00e4chen zu schaffen, die inspirieren und regenerieren.\u201d<\/p>\n<p>[\/vc_column_text][\/vc_column_inner][\/vc_row_inner][vc_row_inner equal_height=&#8220;yes&#8220; content_placement=&#8220;middle&#8220;][vc_column_inner el_class=&#8220;colA1&#8243; width=&#8220;1\/2&#8243;]<div class=\"gt-page-heading gt-dark gt-center\"><h1>INDIEN<\/h1><\/div>[vc_column_text css=&#8220;&#8220;]<\/p>\n<p style=\"text-align: center;\">\u201eInvestitionsm\u00f6glichkeiten buy to sell und buy to rent, business Plan, wichtig f\u00fcr Immobilienfonds.\u201c<\/p>\n<p>[\/vc_column_text][\/vc_column_inner][vc_column_inner el_class=&#8220;colA2&#8243; width=&#8220;1\/2&#8243;][vc_single_image image=&#8220;3036&#8243; img_size=&#8220;620&#215;405&#8243; css=&#8220;&#8220;][\/vc_column_inner][\/vc_row_inner][vc_row_inner equal_height=&#8220;yes&#8220; content_placement=&#8220;middle&#8220;][vc_column_inner el_class=&#8220;colA2&#8243; width=&#8220;1\/2&#8243;][vc_single_image image=&#8220;3039&#8243; img_size=&#8220;full&#8220; css=&#8220;&#8220;][\/vc_column_inner][vc_column_inner el_class=&#8220;colA1&#8243; width=&#8220;1\/2&#8243;]<div class=\"gt-page-heading gt-dark gt-center\"><h1>VEREINIGTE STAATEN<\/h1><\/div>[vc_column_text css=&#8220;&#8220;]<\/p>\n<p style=\"text-align: center;\">\u201eWir schaffen exklusive Designumgebungen, die Kunst, Funktionalit\u00e4t und Sch\u00f6nheit miteinander verbinden und das Lebensgef\u00fchl auf ein neues Niveau heben.\u201c<\/p>\n<p>[\/vc_column_text][\/vc_column_inner][\/vc_row_inner][\/vc_column][\/vc_row]<\/p>\n<\/div>","protected":false},"excerpt":{"rendered":"<p>[vc_row full_width=&#8220;stretch_row_content_no_spaces&#8220;][vc_column el_id=&#8220;h3434&#8243;][vc_empty_space height=&#8220;100px&#8220;][\/vc_column][\/vc_row][vc_row full_width=&#8220;stretch_row_content_no_spaces&#8220;][vc_column el_id=&#8220;jk5&#8243;][vc_empty_space][\/vc_column][\/vc_row][vc_row][vc_column css=&#8220;.vc_custom_1730385014791{margin-top: 100px !important;}&#8220;][vc_row_inner][vc_column_inner offset=&#8220;vc_col-lg-1\/5 vc_col-md-1\/5 vc_hidden-sm vc_hidden-xs&#8220;][\/vc_column_inner][vc_column_inner offset=&#8220;vc_col-lg-3\/5 vc_col-md-3\/5&#8243;][vc_empty_space height=&#8220;85px&#8220;][\/vc_column_inner][vc_column_inner offset=&#8220;vc_col-lg-1\/5 vc_col-md-1\/5 vc_hidden-sm vc_hidden-xs&#8220;][\/vc_column_inner][\/vc_row_inner][vc_row_inner equal_height=&#8220;yes&#8220; content_placement=&#8220;middle&#8220;][vc_column_inner el_class=&#8220;colA2&#8243; width=&#8220;1\/2&#8243;][vc_single_image image=&#8220;3028&#8243; img_size=&#8220;full&#8220; css=&#8220;&#8220; el_id=&#8220;j5434&#8243;][\/vc_column_inner][vc_column_inner el_class=&#8220;colA1&#8243; width=&#8220;1\/2&#8243;][vc_column_text&#8230;<\/p>\n","protected":false},"author":1,"featured_media":0,"parent":0,"menu_order":0,"comment_status":"closed","ping_status":"closed","template":"","meta":{"footnotes":""},"class_list":["post-3407","page","type-page","status-publish","hentry"],"_links":{"self":[{"href":"https:\/\/www.alphalibrae.ch\/de\/wp-json\/wp\/v2\/pages\/3407","targetHints":{"allow":["GET"]}}],"collection":[{"href":"https:\/\/www.alphalibrae.ch\/de\/wp-json\/wp\/v2\/pages"}],"about":[{"href":"https:\/\/www.alphalibrae.ch\/de\/wp-json\/wp\/v2\/types\/page"}],"author":[{"embeddable":true,"href":"https:\/\/www.alphalibrae.ch\/de\/wp-json\/wp\/v2\/users\/1"}],"replies":[{"embeddable":true,"href":"https:\/\/www.alphalibrae.ch\/de\/wp-json\/wp\/v2\/comments?post=3407"}],"version-history":[{"count":13,"href":"https:\/\/www.alphalibrae.ch\/de\/wp-json\/wp\/v2\/pages\/3407\/revisions"}],"predecessor-version":[{"id":3579,"href":"https:\/\/www.alphalibrae.ch\/de\/wp-json\/wp\/v2\/pages\/3407\/revisions\/3579"}],"wp:attachment":[{"href":"https:\/\/www.alphalibrae.ch\/de\/wp-json\/wp\/v2\/media?parent=3407"}],"curies":[{"name":"wp","href":"https:\/\/api.w.org\/{rel}","templated":true}]}}